{"id":16152,"date":"2024-01-11T19:20:07","date_gmt":"2024-01-11T12:20:07","guid":{"rendered":"https:\/\/i-clc.edu.vn\/?page_id=16152"},"modified":"2024-01-11T19:20:07","modified_gmt":"2024-01-11T12:20:07","slug":"dang-ky","status":"publish","type":"page","link":"https:\/\/i-clc.edu.vn\/en\/dang-ky\/","title":{"rendered":"\u0110\u0103ng K\u00fd kho\u00e1 h\u1ecdc &#8211; Thanh to\u00e1n online"},"content":{"rendered":"","protected":false},"excerpt":{"rendered":"","protected":false},"author":426,"featured_media":0,"parent":0,"menu_order":0,"comment_status":"closed","ping_status":"closed","template":"register.php","meta":{"_acf_changed":false,"site-sidebar-layout":"no-sidebar","site-content-layout":"page-builder","ast-global-header-display":"","ast-main-header-display":"","ast-hfb-above-header-display":"","ast-hfb-below-header-display":"","ast-hfb-mobile-header-display":"","site-post-title":"disabled","ast-breadcrumbs-content":"","ast-featured-img":"disabled","footer-sml-layout":"","theme-transparent-header-meta":"default","adv-header-id-meta":"","stick-header-meta":"","header-above-stick-meta":"","header-main-stick-meta":"","header-below-stick-meta":"","footnotes":""},"class_list":["post-16152","page","type-page","status-publish","hentry"],"acf":[],"_links":{"self":[{"href":"https:\/\/i-clc.edu.vn\/en\/wp-json\/wp\/v2\/pages\/16152","targetHints":{"allow":["GET"]}}],"collection":[{"href":"https:\/\/i-clc.edu.vn\/en\/wp-json\/wp\/v2\/pages"}],"about":[{"href":"https:\/\/i-clc.edu.vn\/en\/wp-json\/wp\/v2\/types\/page"}],"author":[{"embeddable":true,"href":"https:\/\/i-clc.edu.vn\/en\/wp-json\/wp\/v2\/users\/426"}],"replies":[{"embeddable":true,"href":"https:\/\/i-clc.edu.vn\/en\/wp-json\/wp\/v2\/comments?post=16152"}],"version-history":[{"count":0,"href":"https:\/\/i-clc.edu.vn\/en\/wp-json\/wp\/v2\/pages\/16152\/revisions"}],"wp:attachment":[{"href":"https:\/\/i-clc.edu.vn\/en\/wp-json\/wp\/v2\/media?parent=16152"}],"curies":[{"name":"wp","href":"https:\/\/api.w.org\/{rel}","templated":true}]}}