{"id":16431,"date":"2024-04-23T11:31:29","date_gmt":"2024-04-23T04:31:29","guid":{"rendered":"https:\/\/i-clc.edu.vn\/?page_id=16431"},"modified":"2024-06-07T15:32:39","modified_gmt":"2024-06-07T08:32:39","slug":"chinh-sach-chung","status":"publish","type":"page","link":"https:\/\/i-clc.edu.vn\/en\/chinh-sach-chung\/","title":{"rendered":"General Policy"},"content":{"rendered":"<ol>\n<li><strong> Registration Policy<\/strong><\/li>\n<\/ol>\n<p>- Registration Eligibility: All students aged 18 and above can register for courses on the website i-clc.edu.vn; for students under 18 years old, parents or guardians are kindly requested to register on their behalf.<\/p>\n<p>- When registering for a course, the registrant - student is deemed to have carefully read and understood the regulations, policies regarding registration, and provision of information; and agrees to abide by these regulations and policies.<\/p>\n<p>- Registrants are kindly requested to thoroughly check the registration information, carefully read the regulations of the i-clc.edu.vn website before proceeding with payment;<\/p>\n<p>In case the registrant wishes to request a refund, i-clc.edu.vn will proceed with the refund according to the refund policy.<\/p>\n<ol start=\"2\">\n<li><strong> Refund and Fee Retention Policy<\/strong><\/li>\n<\/ol>\n<p>For any reason that a student is unable to continue participating in our courses, we will consider and refund\/retain the course fees for you:<\/p>\n<p><em><strong>2.1. Refund Policy<\/strong><\/em><\/p>\n<p>- Before the first 30 days of the course, you will be refunded 90% of the course fee\u00a0<em>(please present your ID card or personal identification document with your photo attached).<\/em>.<\/p>\n<p>- Before the first 15 days of the course, you will be refunded 50% of the course fee\u00a0<em>(please present your ID card or personal identification document with your photo attached).<\/em>.<\/p>\n<p>- Before the first 05 days of the course, you will be refunded 25% of the course fee\u00a0<em>(please present your ID card or personal identification document with your photo attached).<\/em>.<\/p>\n<p>- After 05 days before the first day of the course, you will not be refunded the course fee<\/p>\n<p>Contact information for refund procedures:<\/p>\n<p>Phone: 091 772 9932<\/p>\n<p>Email: info@i-clc.edu.vn<\/p>\n<p><em><strong>2.2. Fee Retention<\/strong><\/em><\/p>\n<p>- Currently, i-clc.edu.vn does not have a fee retention policy.<\/p>\n<p>- However, in special cases requiring assistance, students can contact the Advisory Department to receive a support request form:<\/p>\n<p>Phone: 091 772 9932<\/p>\n<p>Email: info@i-clc.edu.vn<\/p>\n<p>&nbsp;<\/p>\n<ol start=\"3\">\n<li><strong> Usage Policy<\/strong><\/li>\n<\/ol>\n<p>3.1. We provide all content of the courses, discount policies, or other related content of the courses on the i-clc.edu.vn website.<\/p>\n<p>3.2. You are not allowed to copy content from i-clc.edu.vn to a third-party system without our consent.<\/p>\n<p>&nbsp;<\/p>","protected":false},"excerpt":{"rendered":"<p>Ch\u00ednh s\u00e1ch \u0111\u0103ng k\u00fd &#8211; \u0110\u1ed1i t\u01b0\u1ee3ng \u0111\u0103ng k\u00fd: t\u1ea5t c\u1ea3 c\u00e1c h\u1ecdc vi\u00ean t\u1eeb 18 tu\u1ed5i \u0111\u1ec1u c\u00f3 th\u1ec3 t\u1ef1 \u0111\u0103ng k\u00fd kh\u00f3a h\u1ecdc t\u1ea1i website i-clc.edu.vn; \u0111\u1ed1i v\u1edbi c\u00e1c h\u1ecdc vi\u00ean d\u01b0\u1edbi 18 tu\u1ed5i, ph\u1ee5 huynh ho\u1eb7c ng\u01b0\u1eddi gi\u00e1m h\u1ed9 vui l\u00f2ng \u0111\u0103ng k\u00fd thay. &#8211; Khi ti\u1ebfn h\u00e0nh \u0111\u0103ng k\u00fd kh\u00f3a h\u1ecdc, &hellip;<\/p>\n<p class=\"read-more\"> <a class=\"\" href=\"https:\/\/i-clc.edu.vn\/en\/chinh-sach-chung\/\"> <span class=\"screen-reader-text\">General Policy<\/span> Read More &raquo;<\/a><\/p>","protected":false},"author":426,"featured_media":0,"parent":0,"menu_order":0,"comment_status":"closed","ping_status":"closed","template":"","meta":{"_acf_changed":false,"site-sidebar-layout":"no-sidebar","site-content-layout":"default","ast-global-header-display":"","ast-main-header-display":"","ast-hfb-above-header-display":"","ast-hfb-below-header-display":"","ast-hfb-mobile-header-display":"","site-post-title":"","ast-breadcrumbs-content":"","ast-featured-img":"","footer-sml-layout":"","theme-transparent-header-meta":"default","adv-header-id-meta":"","stick-header-meta":"","header-above-stick-meta":"","header-main-stick-meta":"","header-below-stick-meta":"","footnotes":""},"class_list":["post-16431","page","type-page","status-publish","hentry"],"acf":[],"_links":{"self":[{"href":"https:\/\/i-clc.edu.vn\/en\/wp-json\/wp\/v2\/pages\/16431","targetHints":{"allow":["GET"]}}],"collection":[{"href":"https:\/\/i-clc.edu.vn\/en\/wp-json\/wp\/v2\/pages"}],"about":[{"href":"https:\/\/i-clc.edu.vn\/en\/wp-json\/wp\/v2\/types\/page"}],"author":[{"embeddable":true,"href":"https:\/\/i-clc.edu.vn\/en\/wp-json\/wp\/v2\/users\/426"}],"replies":[{"embeddable":true,"href":"https:\/\/i-clc.edu.vn\/en\/wp-json\/wp\/v2\/comments?post=16431"}],"version-history":[{"count":0,"href":"https:\/\/i-clc.edu.vn\/en\/wp-json\/wp\/v2\/pages\/16431\/revisions"}],"wp:attachment":[{"href":"https:\/\/i-clc.edu.vn\/en\/wp-json\/wp\/v2\/media?parent=16431"}],"curies":[{"name":"wp","href":"https:\/\/api.w.org\/{rel}","templated":true}]}}