{"id":18295,"date":"2024-08-08T14:53:41","date_gmt":"2024-08-08T07:53:41","guid":{"rendered":"https:\/\/i-clc.edu.vn\/?page_id=18295"},"modified":"2024-08-09T13:33:32","modified_gmt":"2024-08-09T06:33:32","slug":"ebook","status":"publish","type":"page","link":"https:\/\/i-clc.edu.vn\/en\/ebook\/","title":{"rendered":"Ebook"},"content":{"rendered":"<div data-elementor-type=\"wp-page\" data-elementor-id=\"18295\" class=\"elementor elementor-18295\" data-elementor-post-type=\"page\">\n\t\t\t\t\t\t<section class=\"elementor-section elementor-top-section elementor-element elementor-element-695a200 elementor-section-height-min-height elementor-section-boxed elementor-section-height-default elementor-section-items-middle\" data-id=\"695a200\" data-element_type=\"section\" data-e-type=\"section\" data-settings=\"{&quot;background_background&quot;:&quot;classic&quot;}\">\n\t\t\t\t\t\t<div class=\"elementor-container elementor-column-gap-default\">\n\t\t\t\t\t<div class=\"elementor-column elementor-col-100 elementor-top-column elementor-element elementor-element-4dc653c\" data-id=\"4dc653c\" data-element_type=\"column\" data-e-type=\"column\">\n\t\t\t<div class=\"elementor-widget-wrap elementor-element-populated\">\n\t\t\t\t\t\t<div class=\"elementor-element elementor-element-e25ead8 elementor-widget elementor-widget-heading\" data-id=\"e25ead8\" data-element_type=\"widget\" data-e-type=\"widget\" data-widget_type=\"heading.default\">\n\t\t\t\t<div class=\"elementor-widget-container\">\n\t\t\t\t\t<h1 class=\"elementor-heading-title elementor-size-default\">Ebook<\/h1>\t\t\t\t<\/div>\n\t\t\t\t<\/div>\n\t\t\t\t\t<\/div>\n\t\t<\/div>\n\t\t\t\t\t<\/div>\n\t\t<\/section>\n\t\t\t\t<section class=\"elementor-section elementor-top-section elementor-element elementor-element-3280497 elementor-section-boxed elementor-section-height-default elementor-section-height-default\" data-id=\"3280497\" data-element_type=\"section\" data-e-type=\"section\">\n\t\t\t\t\t\t<div class=\"elementor-container elementor-column-gap-default\">\n\t\t\t\t\t<div class=\"elementor-column elementor-col-100 elementor-top-column elementor-element elementor-element-162af09\" data-id=\"162af09\" data-element_type=\"column\" data-e-type=\"column\">\n\t\t\t<div class=\"elementor-widget-wrap elementor-element-populated\">\n\t\t\t\t\t\t<div class=\"elementor-element elementor-element-b415140 uael-posts-thumbnail-ratio elementor-widget elementor-widget-uael-posts\" data-id=\"b415140\" data-element_type=\"widget\" data-e-type=\"widget\" data-settings=\"{&quot;classic_slides_to_show_mobile&quot;:2,&quot;classic_slides_to_show&quot;:3,&quot;classic_slides_to_show_tablet&quot;:2}\" data-widget_type=\"uael-posts.classic\">\n\t\t\t\t<div class=\"elementor-widget-container\">\n\t\t\t\t\t\t\t<div class=\"uael-post__header\">\n\t\t\t\t\t<\/div>\n\t\t<div class=\"uael-post__body\">\n\t\t\t\n\t\t\n\t\t<div class=\"uael-blog-terms-position-above_content uael-post-image-top uael-post-grid uael-posts\" data-query-type=\"custom\" data-structure=\"normal\" data-layout=\"\" data-page=\"18295\" data-skin=\"classic\" data-filter-default=\"\" data-offset-top=\"30\" >\n\n\t\t\t\t\t\t\t<div class=\"uael-post-grid__inner uael-post__columns-3 uael-post__columns-tablet-2 uael-post__columns-mobile-2\">\n\t\t\t\n<div class=\"uael-post-wrapper   ebook\">\n\t<div class=\"uael-post__bg-wrap\">\n\n\t\t\t\t\n\t\t<div class=\"uael-post__inner-wrap\">\n\n\t\t\t\t<div class=\"uael-post__thumbnail\">\n\t\t\t\n\t\t\t<a href=\"https:\/\/i-clc.edu.vn\/en\/ebook\/ebook-vocabulary-booster-level-starters\/\" target=\"_self\" title=\"EBOOK &#8220;VOCABULARY BOOSTER LEVEL: STARTERS&#8221;\"><img fetchpriority=\"high\" decoding=\"async\" width=\"701\" height=\"1024\" src=\"https:\/\/i-clc.edu.vn\/wp-content\/uploads\/2024\/07\/1915-1-701x1024.png\" class=\"attachment-large size-large wp-image-17945\" alt=\"\" srcset=\"https:\/\/i-clc.edu.vn\/wp-content\/uploads\/2024\/07\/1915-1-701x1024.png 701w, https:\/\/i-clc.edu.vn\/wp-content\/uploads\/2024\/07\/1915-1-205x300.png 205w, https:\/\/i-clc.edu.vn\/wp-content\/uploads\/2024\/07\/1915-1-768x1121.png 768w, https:\/\/i-clc.edu.vn\/wp-content\/uploads\/2024\/07\/1915-1-1052x1536.png 1052w, https:\/\/i-clc.edu.vn\/wp-content\/uploads\/2024\/07\/1915-1-8x12.png 8w, https:\/\/i-clc.edu.vn\/wp-content\/uploads\/2024\/07\/1915-1.png 1215w\" sizes=\"(max-width: 701px) 100vw, 701px\" \/><\/a>\n\t\t\t\t\t<\/div>\n\t\t\n\t\t\t\n\t\t\t<div class=\"uael-post__content-wrap\">\n\t\t\t\t\t\t\t<div class=\"uael-post__terms-wrap\"><span class=\"uael-post__terms\"><span class=\"uael-listing__terms-link\">Ebook<\/span><\/span><\/div>\n\t\t\t\t\t\t<h3 class=\"uael-post__title\">\n\n\t\t\n\t\t\t\t\t\t<a href=\"https:\/\/i-clc.edu.vn\/en\/ebook\/ebook-vocabulary-booster-level-starters\/\" target=\"_self\">\n\t\t\t\tEBOOK \u201cVOCABULARY BOOSTER LEVEL: STARTERS\u201d\t\t\t<\/a>\n\n\t\t\t\t<\/h3>\n\t\t\n\t\t<div class=\"uael-post__excerpt\">\n\t\t\t<p>C\u1ea5p \u0111\u1ed9 Starters l\u00e0 g\u00ec? C\u1ea5p \u0111\u1ed9 Starters l\u00e0 c\u1ea5p \u0111\u1ed9 \u0111\u1ea7u ti\u00ean trong khung &#8230;<\/p>\n\t\t<\/div>\n\n\t\t\t\t\t<a class=\"uael-post__read-more elementor-button\" href=\"https:\/\/i-clc.edu.vn\/en\/ebook\/ebook-vocabulary-booster-level-starters\/\" target=\"_self\" aria-labelledby=\"uael-post-17844\">\n\t\t\t\t\t<span class=\"elementor-button-content-wrapper\">\n\t\t\t\t\t\t\t\t\t\t\t\t\t\t<span class=\"elementor-button-icon elementor-align-icon-left\">\n\n\t\t\t\t\t\t\t\t\t\n\t\t\t\t\t\t\t\t<\/span>\n\t\t\t\t\t\t\t\t\t\t\t\t\t\n\t\t\t\t\t\t<span class=\"elementor-button-text\" id=\"uael-post-17844\">see more<\/span>\n\t\t\t\t\t<\/span>\n\t\t\t\t<\/a>\n\t\t\t\t\t\t<\/div>\n\t\t\t\n\t\t<\/div>\n\t\t\n\t<\/div>\n\n<\/div>\n\t\t\t\t<\/div>\n\t\t\t\t\t\t\n\t\t<\/div>\n\n\t\t\t\t\t\t<\/div>\n\t\t<div class=\"uael-post__footer\">\n\t\t\t\t\t<\/div>\n\t\t\t\t\t\t<\/div>\n\t\t\t\t<\/div>\n\t\t\t\t\t<\/div>\n\t\t<\/div>\n\t\t\t\t\t<\/div>\n\t\t<\/section>\n\t\t\t\t<\/div>","protected":false},"excerpt":{"rendered":"<p>Ebook Ebook EBOOK &#8220;VOCABULARY BOOSTER LEVEL: STARTERS&#8221; Vocabulary Booster Level: Starters v\u01a1\u0301i 13 ch\u01b0\u01a1ng t\u01b0\u0300 v\u01b0\u0323ng Ti\u1ebfng Anh v\u1ec1 ch\u1ee7 \u0111\u1ec1 xung quanh cu\u00f4\u0323c s\u00f4\u0301ng h\u0103\u0300ng ng\u00e0y, \u0111\u00e2y l\u00e0 Ebook \u0111\u1ed9c quy\u1ec1n \u0111\u01b0\u1ee3c I-CLC bi\u00ean so\u1ea1n \u0111\u1eb7c bi\u1ec7t d\u00e0nh cho c\u00e1c B\u00e9 t\u1eeb 4 &#8211; 7 tu\u1ed5i, s\u1eed d\u1ee5ng h\u00ecnh \u1ea3nh minh h\u1ecda sinh \u0111\u1ed9ng &hellip;<\/p>\n<p class=\"read-more\"> <a class=\"\" href=\"https:\/\/i-clc.edu.vn\/en\/ebook\/ebook-vocabulary-booster-level-starters\/\"> <span class=\"screen-reader-text\">EBOOK \u201cVOCABULARY BOOSTER LEVEL: STARTERS\u201d<\/span> Read More &raquo;<\/a><\/p>","protected":false},"author":426,"featured_media":0,"parent":0,"menu_order":0,"comment_status":"closed","ping_status":"closed","template":"","meta":{"_acf_changed":false,"site-sidebar-layout":"no-sidebar","site-content-layout":"page-builder","ast-global-header-display":"","ast-main-header-display":"","ast-hfb-above-header-display":"","ast-hfb-below-header-display":"","ast-hfb-mobile-header-display":"","site-post-title":"disabled","ast-breadcrumbs-content":"","ast-featured-img":"disabled","footer-sml-layout":"","theme-transparent-header-meta":"","adv-header-id-meta":"","stick-header-meta":"","header-above-stick-meta":"","header-main-stick-meta":"","header-below-stick-meta":"","footnotes":""},"class_list":["post-18295","page","type-page","status-publish","hentry"],"acf":[],"_links":{"self":[{"href":"https:\/\/i-clc.edu.vn\/en\/wp-json\/wp\/v2\/pages\/18295","targetHints":{"allow":["GET"]}}],"collection":[{"href":"https:\/\/i-clc.edu.vn\/en\/wp-json\/wp\/v2\/pages"}],"about":[{"href":"https:\/\/i-clc.edu.vn\/en\/wp-json\/wp\/v2\/types\/page"}],"author":[{"embeddable":true,"href":"https:\/\/i-clc.edu.vn\/en\/wp-json\/wp\/v2\/users\/426"}],"replies":[{"embeddable":true,"href":"https:\/\/i-clc.edu.vn\/en\/wp-json\/wp\/v2\/comments?post=18295"}],"version-history":[{"count":0,"href":"https:\/\/i-clc.edu.vn\/en\/wp-json\/wp\/v2\/pages\/18295\/revisions"}],"wp:attachment":[{"href":"https:\/\/i-clc.edu.vn\/en\/wp-json\/wp\/v2\/media?parent=18295"}],"curies":[{"name":"wp","href":"https:\/\/api.w.org\/{rel}","templated":true}]}}