{"id":25250,"date":"2025-05-05T13:45:13","date_gmt":"2025-05-05T06:45:13","guid":{"rendered":"https:\/\/i-clc.edu.vn\/?page_id=25250"},"modified":"2025-05-06T15:16:21","modified_gmt":"2025-05-06T08:16:21","slug":"vong-quay-hoc-bong-toa-sang-uoc-mo","status":"publish","type":"page","link":"https:\/\/i-clc.edu.vn\/en\/vong-quay-hoc-bong-toa-sang-uoc-mo\/","title":{"rendered":"V\u00f2ng Quay H\u1ecdc B\u1ed5ng \u2013 T\u1ecfa S\u00e1ng \u01af\u1edbc M\u01a1"},"content":{"rendered":"<div data-elementor-type=\"wp-page\" data-elementor-id=\"25250\" class=\"elementor elementor-25250\" data-elementor-post-type=\"page\">\n\t\t\t\t\t\t<section class=\"elementor-section elementor-top-section elementor-element elementor-element-6553c42 elementor-section-boxed elementor-section-height-default elementor-section-height-default\" data-id=\"6553c42\" data-element_type=\"section\" data-e-type=\"section\">\n\t\t\t\t\t\t<div class=\"elementor-container elementor-column-gap-default\">\n\t\t\t\t\t<div class=\"elementor-column elementor-col-100 elementor-top-column elementor-element elementor-element-b1fec12\" data-id=\"b1fec12\" data-element_type=\"column\" data-e-type=\"column\">\n\t\t\t<div class=\"elementor-widget-wrap elementor-element-populated\">\n\t\t\t\t\t\t<div class=\"elementor-element elementor-element-b54e779 elementor-widget elementor-widget-heading\" data-id=\"b54e779\" data-element_type=\"widget\" data-e-type=\"widget\" data-widget_type=\"heading.default\">\n\t\t\t\t<div class=\"elementor-widget-container\">\n\t\t\t\t\t<h2 class=\"elementor-heading-title elementor-size-default\">Trang web n\u00e0y \u0111ang trong qu\u00e1 tr\u00ecnh x\u00e2y d\u1ef1ng. vui l\u00f2ng quay l\u1ea1i v\u00e0o 12\/5\/2025<\/h2>\t\t\t\t<\/div>\n\t\t\t\t<\/div>\n\t\t\t\t\t<\/div>\n\t\t<\/div>\n\t\t\t\t\t<\/div>\n\t\t<\/section>\n\t\t\t\t<\/div>","protected":false},"excerpt":{"rendered":"<p>Trang web n\u00e0y \u0111ang trong qu\u00e1 tr\u00ecnh x\u00e2y d\u1ef1ng. vui l\u00f2ng quay l\u1ea1i v\u00e0o 12\/5\/2025<\/p>","protected":false},"author":426,"featured_media":0,"parent":0,"menu_order":0,"comment_status":"closed","ping_status":"closed","template":"","meta":{"_acf_changed":false,"site-sidebar-layout":"no-sidebar","site-content-layout":"page-builder","ast-global-header-display":"","ast-main-header-display":"","ast-hfb-above-header-display":"","ast-hfb-below-header-display":"","ast-hfb-mobile-header-display":"","site-post-title":"disabled","ast-breadcrumbs-content":"","ast-featured-img":"disabled","footer-sml-layout":"","theme-transparent-header-meta":"default","adv-header-id-meta":"","stick-header-meta":"","header-above-stick-meta":"","header-main-stick-meta":"","header-below-stick-meta":"","footnotes":""},"class_list":["post-25250","page","type-page","status-publish","hentry"],"acf":[],"_links":{"self":[{"href":"https:\/\/i-clc.edu.vn\/en\/wp-json\/wp\/v2\/pages\/25250","targetHints":{"allow":["GET"]}}],"collection":[{"href":"https:\/\/i-clc.edu.vn\/en\/wp-json\/wp\/v2\/pages"}],"about":[{"href":"https:\/\/i-clc.edu.vn\/en\/wp-json\/wp\/v2\/types\/page"}],"author":[{"embeddable":true,"href":"https:\/\/i-clc.edu.vn\/en\/wp-json\/wp\/v2\/users\/426"}],"replies":[{"embeddable":true,"href":"https:\/\/i-clc.edu.vn\/en\/wp-json\/wp\/v2\/comments?post=25250"}],"version-history":[{"count":16,"href":"https:\/\/i-clc.edu.vn\/en\/wp-json\/wp\/v2\/pages\/25250\/revisions"}],"predecessor-version":[{"id":25280,"href":"https:\/\/i-clc.edu.vn\/en\/wp-json\/wp\/v2\/pages\/25250\/revisions\/25280"}],"wp:attachment":[{"href":"https:\/\/i-clc.edu.vn\/en\/wp-json\/wp\/v2\/media?parent=25250"}],"curies":[{"name":"wp","href":"https:\/\/api.w.org\/{rel}","templated":true}]}}