{"id":29029,"date":"2026-03-03T09:28:26","date_gmt":"2026-03-03T02:28:26","guid":{"rendered":"https:\/\/i-clc.edu.vn\/?page_id=29029"},"modified":"2026-03-03T16:40:15","modified_gmt":"2026-03-03T09:40:15","slug":"khoa-hoc-ngan-han-tieng-anh-cho-nguoi-lon","status":"publish","type":"page","link":"https:\/\/i-clc.edu.vn\/en\/cac-khoa-hoc\/khoa-hoc-ngan-han-tieng-anh-cho-nguoi-lon\/","title":{"rendered":"Kh\u00f3a h\u1ecdc ng\u1eafn h\u1ea1n Ti\u1ebfng Anh cho ng\u01b0\u1eddi l\u1edbn"},"content":{"rendered":"<div data-elementor-type=\"wp-page\" data-elementor-id=\"29029\" class=\"elementor elementor-29029\" data-elementor-post-type=\"page\">\n\t\t\t\t\t\t<section class=\"elementor-section elementor-top-section elementor-element elementor-element-18cea14 elementor-section-content-middle elementor-section-boxed elementor-section-height-default elementor-section-height-default\" data-id=\"18cea14\" data-element_type=\"section\" data-e-type=\"section\" id=\"dang-ky\" data-settings=\"{&quot;background_background&quot;:&quot;classic&quot;}\">\n\t\t\t\t\t\t<div class=\"elementor-container elementor-column-gap-default\">\n\t\t\t\t\t<div class=\"elementor-column elementor-col-50 elementor-top-column elementor-element elementor-element-14f6038\" data-id=\"14f6038\" data-element_type=\"column\" data-e-type=\"column\">\n\t\t\t<div class=\"elementor-widget-wrap elementor-element-populated\">\n\t\t\t\t\t\t<div class=\"elementor-element elementor-element-2b13ce0 elementor-widget elementor-widget-heading\" data-id=\"2b13ce0\" data-element_type=\"widget\" data-e-type=\"widget\" data-widget_type=\"heading.default\">\n\t\t\t\t<div class=\"elementor-widget-container\">\n\t\t\t\t\t<p class=\"elementor-heading-title elementor-size-default\">Kh\u00f3a h\u1ecdc Ti\u1ebfng Anh <br \/> ng\u1eafn h\u1ea1n cho ng\u01b0\u1eddi l\u1edbn<\/p>\t\t\t\t<\/div>\n\t\t\t\t<\/div>\n\t\t\t\t<div class=\"elementor-element elementor-element-bfe4e36 elementor-widget elementor-widget-text-editor\" data-id=\"bfe4e36\" data-element_type=\"widget\" data-e-type=\"widget\" data-widget_type=\"text-editor.default\">\n\t\t\t\t<div class=\"elementor-widget-container\">\n\t\t\t\t\t\t\t\t\t<p>G\u1ed3m 30 bu\u1ed5i chuy\u00ean s\u00e2u v\u1edbi 15 ch\u1ee7 \u0111\u1ec1 th\u1ef1c t\u1ebf, kh\u00f3a h\u1ecdc gi\u00fap h\u1ecdc vi\u00ean t\u1ef1 tin giao ti\u1ebfp trong c\u00f4ng vi\u1ec7c v\u00e0 \u0111\u1eddi s\u1ed1ng h\u1eb1ng ng\u00e0y, c\u1ea3i thi\u1ec7n ph\u00e1t \u00e2m, t\u0103ng ph\u1ea3n x\u1ea1, s\u1eed d\u1ee5ng ti\u1ebfng Anh \u0111\u00fang chu\u1ea9n trong m\u00f4i tr\u01b0\u1eddng qu\u1ed1c t\u1ebf khi h\u1ecdc c\u00f9ng Gi\u00e1o vi\u00ean N\u01b0\u1edbc ngo\u00e0i v\u00e0 Gi\u00e1o vi\u00ean Vi\u1ec7t Nam, \u0111\u1ed3ng th\u1eddi x\u00e2y d\u1ef1ng phong th\u00e1i chuy\u00ean nghi\u1ec7p v\u00e0 m\u1edf r\u1ed9ng c\u01a1 h\u1ed9i k\u1ebft n\u1ed1i.<\/p>\t\t\t\t\t\t\t\t<\/div>\n\t\t\t\t<\/div>\n\t\t\t\t\t<\/div>\n\t\t<\/div>\n\t\t\t\t<div class=\"elementor-column elementor-col-50 elementor-top-column elementor-element elementor-element-dfc4df2\" data-id=\"dfc4df2\" data-element_type=\"column\" data-e-type=\"column\">\n\t\t\t<div class=\"elementor-widget-wrap elementor-element-populated\">\n\t\t\t\t\t\t<div class=\"elementor-element elementor-element-151926f mascot-form elementor-widget elementor-widget-html\" data-id=\"151926f\" data-element_type=\"widget\" data-e-type=\"widget\" data-widget_type=\"html.default\">\n\t\t\t\t<div class=\"elementor-widget-container\">\n\t\t\t\t\t<style>\n    .b24-form-sign {\n        display: none;\n    }\n    .b24-form-padding-side {\n        padding-left: 20px;\n        padding-right: 20px;\n    } \n<\/style>\n\n<script data-b24-form=\"inline\/145\/vkzmv1\" data-skip-moving=\"true\">\n(function(w,d,u){\nvar s=d.createElement('script');s.async=true;s.src=u+'?'+(Date.now()\/180000|0);\nvar h=d.getElementsByTagName('script')[0];h.parentNode.insertBefore(s,h);\n})(window,document,'https:\/\/cdn.bitrix24.vn\/b35646573\/crm\/form\/loader_145.js');\n<\/script>\t\t\t\t<\/div>\n\t\t\t\t<\/div>\n\t\t\t\t\t<\/div>\n\t\t<\/div>\n\t\t\t\t\t<\/div>\n\t\t<\/section>\n\t\t\t\t<\/div>","protected":false},"excerpt":{"rendered":"<p>Kh\u00f3a h\u1ecdc Ti\u1ebfng Anh ng\u1eafn h\u1ea1n cho ng\u01b0\u1eddi l\u1edbn G\u1ed3m 30 bu\u1ed5i chuy\u00ean s\u00e2u v\u1edbi 15 ch\u1ee7 \u0111\u1ec1 th\u1ef1c t\u1ebf, kh\u00f3a h\u1ecdc gi\u00fap h\u1ecdc vi\u00ean t\u1ef1 tin giao ti\u1ebfp trong c\u00f4ng vi\u1ec7c v\u00e0 \u0111\u1eddi s\u1ed1ng h\u1eb1ng ng\u00e0y, c\u1ea3i thi\u1ec7n ph\u00e1t \u00e2m, t\u0103ng ph\u1ea3n x\u1ea1, s\u1eed d\u1ee5ng ti\u1ebfng Anh \u0111\u00fang chu\u1ea9n trong m\u00f4i tr\u01b0\u1eddng qu\u1ed1c t\u1ebf &hellip;<\/p>\n<p class=\"read-more\"> <a class=\"\" href=\"https:\/\/i-clc.edu.vn\/en\/cac-khoa-hoc\/khoa-hoc-ngan-han-tieng-anh-cho-nguoi-lon\/\"> <span class=\"screen-reader-text\">Kh\u00f3a h\u1ecdc ng\u1eafn h\u1ea1n Ti\u1ebfng Anh cho ng\u01b0\u1eddi l\u1edbn<\/span> Read More &raquo;<\/a><\/p>","protected":false},"author":426,"featured_media":0,"parent":6586,"menu_order":0,"comment_status":"closed","ping_status":"closed","template":"","meta":{"_acf_changed":false,"site-sidebar-layout":"no-sidebar","site-content-layout":"page-builder","ast-global-header-display":"","ast-main-header-display":"","ast-hfb-above-header-display":"","ast-hfb-below-header-display":"","ast-hfb-mobile-header-display":"","site-post-title":"disabled","ast-breadcrumbs-content":"","ast-featured-img":"disabled","footer-sml-layout":"","theme-transparent-header-meta":"default","adv-header-id-meta":"","stick-header-meta":"","header-above-stick-meta":"","header-main-stick-meta":"","header-below-stick-meta":"","footnotes":""},"class_list":["post-29029","page","type-page","status-publish","hentry"],"acf":[],"_links":{"self":[{"href":"https:\/\/i-clc.edu.vn\/en\/wp-json\/wp\/v2\/pages\/29029","targetHints":{"allow":["GET"]}}],"collection":[{"href":"https:\/\/i-clc.edu.vn\/en\/wp-json\/wp\/v2\/pages"}],"about":[{"href":"https:\/\/i-clc.edu.vn\/en\/wp-json\/wp\/v2\/types\/page"}],"author":[{"embeddable":true,"href":"https:\/\/i-clc.edu.vn\/en\/wp-json\/wp\/v2\/users\/426"}],"replies":[{"embeddable":true,"href":"https:\/\/i-clc.edu.vn\/en\/wp-json\/wp\/v2\/comments?post=29029"}],"version-history":[{"count":58,"href":"https:\/\/i-clc.edu.vn\/en\/wp-json\/wp\/v2\/pages\/29029\/revisions"}],"predecessor-version":[{"id":29091,"href":"https:\/\/i-clc.edu.vn\/en\/wp-json\/wp\/v2\/pages\/29029\/revisions\/29091"}],"up":[{"embeddable":true,"href":"https:\/\/i-clc.edu.vn\/en\/wp-json\/wp\/v2\/pages\/6586"}],"wp:attachment":[{"href":"https:\/\/i-clc.edu.vn\/en\/wp-json\/wp\/v2\/media?parent=29029"}],"curies":[{"name":"wp","href":"https:\/\/api.w.org\/{rel}","templated":true}]}}