{"id":29130,"date":"2026-03-20T15:47:21","date_gmt":"2026-03-20T08:47:21","guid":{"rendered":"https:\/\/i-clc.edu.vn\/?page_id=29130"},"modified":"2026-03-23T09:50:34","modified_gmt":"2026-03-23T02:50:34","slug":"dang-ky-hoc-thu","status":"publish","type":"page","link":"https:\/\/i-clc.edu.vn\/en\/dang-ky-hoc-thu\/","title":{"rendered":"\u0110\u0103ng k\u00fd H\u1ecdc th\u1eed"},"content":{"rendered":"<div data-elementor-type=\"wp-page\" data-elementor-id=\"29130\" class=\"elementor elementor-29130\" data-elementor-post-type=\"page\">\n\t\t\t\t\t\t<section class=\"elementor-section elementor-top-section elementor-element elementor-element-4195e73 elementor-section-content-middle elementor-section-boxed elementor-section-height-default elementor-section-height-default\" data-id=\"4195e73\" data-element_type=\"section\" data-e-type=\"section\" data-settings=\"{&quot;background_background&quot;:&quot;classic&quot;}\">\n\t\t\t\t\t\t<div class=\"elementor-container elementor-column-gap-default\">\n\t\t\t\t\t<div class=\"elementor-column elementor-col-100 elementor-top-column elementor-element elementor-element-fafe56a\" data-id=\"fafe56a\" data-element_type=\"column\" data-e-type=\"column\">\n\t\t\t<div class=\"elementor-widget-wrap elementor-element-populated\">\n\t\t\t\t\t\t<section class=\"elementor-section elementor-inner-section elementor-element elementor-element-03acd16 elementor-section-boxed elementor-section-height-default elementor-section-height-default\" data-id=\"03acd16\" data-element_type=\"section\" data-e-type=\"section\">\n\t\t\t\t\t\t<div class=\"elementor-container elementor-column-gap-default\">\n\t\t\t\t\t<div class=\"elementor-column elementor-col-33 elementor-inner-column elementor-element elementor-element-f3df3dd\" data-id=\"f3df3dd\" data-element_type=\"column\" data-e-type=\"column\">\n\t\t\t<div class=\"elementor-widget-wrap elementor-element-populated\">\n\t\t\t\t\t\t\t<\/div>\n\t\t<\/div>\n\t\t\t\t<div class=\"elementor-column elementor-col-33 elementor-inner-column elementor-element elementor-element-ba8ae95\" data-id=\"ba8ae95\" data-element_type=\"column\" data-e-type=\"column\">\n\t\t\t<div class=\"elementor-widget-wrap elementor-element-populated\">\n\t\t\t\t\t\t<div class=\"elementor-element elementor-element-b8c5b7f elementor-widget__width-initial elementor-widget elementor-widget-heading\" data-id=\"b8c5b7f\" data-element_type=\"widget\" data-e-type=\"widget\" data-widget_type=\"heading.default\">\n\t\t\t\t<div class=\"elementor-widget-container\">\n\t\t\t\t\t<h2 class=\"elementor-heading-title elementor-size-default\">REGISTER<\/h2>\t\t\t\t<\/div>\n\t\t\t\t<\/div>\n\t\t\t\t\t<\/div>\n\t\t<\/div>\n\t\t\t\t<div class=\"elementor-column elementor-col-33 elementor-inner-column elementor-element elementor-element-0d4ebb1\" data-id=\"0d4ebb1\" data-element_type=\"column\" data-e-type=\"column\">\n\t\t\t<div class=\"elementor-widget-wrap elementor-element-populated\">\n\t\t\t\t\t\t<div class=\"elementor-element elementor-element-f430e8c elementor-widget__width-initial elementor-widget-mobile__width-initial elementor-widget elementor-widget-heading\" data-id=\"f430e8c\" data-element_type=\"widget\" data-e-type=\"widget\" data-widget_type=\"heading.default\">\n\t\t\t\t<div class=\"elementor-widget-container\">\n\t\t\t\t\t<h1 class=\"elementor-heading-title elementor-size-default\">L\u1edaP H\u1eccC TH\u1eec TI\u1ebeNG ANH<\/h1>\t\t\t\t<\/div>\n\t\t\t\t<\/div>\n\t\t\t\t\t<\/div>\n\t\t<\/div>\n\t\t\t\t\t<\/div>\n\t\t<\/section>\n\t\t\t\t<section class=\"elementor-section elementor-inner-section elementor-element elementor-element-c133328 elementor-section-full_width elementor-section-height-default elementor-section-height-default\" data-id=\"c133328\" data-element_type=\"section\" data-e-type=\"section\">\n\t\t\t\t\t\t<div class=\"elementor-container elementor-column-gap-default\">\n\t\t\t\t\t<div class=\"elementor-column elementor-col-33 elementor-inner-column elementor-element elementor-element-610985d\" data-id=\"610985d\" data-element_type=\"column\" data-e-type=\"column\">\n\t\t\t<div class=\"elementor-widget-wrap\">\n\t\t\t\t\t\t\t<\/div>\n\t\t<\/div>\n\t\t\t\t<div class=\"elementor-column elementor-col-33 elementor-inner-column elementor-element elementor-element-419dc03\" data-id=\"419dc03\" data-element_type=\"column\" data-e-type=\"column\">\n\t\t\t<div class=\"elementor-widget-wrap elementor-element-populated\">\n\t\t\t\t\t\t<div class=\"elementor-element elementor-element-54879a5 elementor-widget elementor-widget-text-editor\" data-id=\"54879a5\" data-element_type=\"widget\" data-e-type=\"widget\" data-widget_type=\"text-editor.default\">\n\t\t\t\t<div class=\"elementor-widget-container\">\n\t\t\t\t\t\t\t\t\t<div style=\"color: white; font-family: Arial, sans-serif; font-size: 20px;\"><div style=\"font-weight: normal; text-align: justify; padding: 20px 20px 0 20px; line-height: 1.6;\"><p>\u00a0<\/p><p><span style=\"font-weight: 600;\">\ud83c\udf81 H\u1ecdc th\u1eed mi\u1ec5n ph\u00ed 2 bu\u1ed5i.<\/span> <br \/><span style=\"font-weight: 600;\">\ud83d\udccd \u00c1p d\u1ee5ng cho t\u1ea5t c\u1ea3 c\u00e1c kh\u00f3a h\u1ecdc t\u1ea1i I-CLC TP. HCM<\/span> <br \/><br \/><\/p><p>\ud83d\udcda <span style=\"font-weight: 600;\">L\u1edaP H\u1eccC T\u1ea0I I-CLC C\u00d3 G\u00cc?<\/span><\/p><p>\ud83d\udc69\u200d\ud83c\udfeb 100% Gi\u00e1o vi\u00ean N\u01b0\u1edbc ngo\u00e0i: B\u00e9 \u0111\u01b0\u1ee3c h\u1ecdc v\u00e0 giao ti\u1ebfp tr\u1ef1c ti\u1ebfp, h\u00ecnh th\u00e0nh ph\u1ea3n\u00a0x\u1ea1 t\u1ef1 nhi\u00ean ngay t\u1eeb \u0111\u1ea7u.<\/p><p>\ud83e\udde0 Ph\u01b0\u01a1ng ph\u00e1p CCM v\u00e0 CLIL: h\u1ecdc ng\u00f4n ng\u1eef th\u00f4ng qua c\u00e1c d\u1ef1 \u00e1n, t\u01b0 duy v\u00e0 \u1ee9ng\u00a0d\u1ee5ng th\u1ef1c t\u1ebf.<\/p><p>\ud83e\udde9 L\u1ed9 tr\u00ecnh c\u00e1 nh\u00e2n h\u00f3a: m\u1ed7i B\u00e9 \u0111\u01b0\u1ee3c x\u00e2y d\u1ef1ng v\u1edbi ch\u01b0\u01a1ng tr\u00ecnh ph\u00f9 h\u1ee3p \u0111\u1ed9 tu\u1ed5i v\u00e0 n\u0103ng l\u1ef1c ri\u00eang.<\/p><p>\ud83c\udf0d M\u00f4i tr\u01b0\u1eddng Ti\u1ebfng Anh to\u00e0n ph\u1ea7n: t\u0103ng kh\u1ea3 n\u0103ng nghe &#8211; n\u00f3i nhanh ch\u00f3ng.<\/p><\/div><\/div>\t\t\t\t\t\t\t\t<\/div>\n\t\t\t\t<\/div>\n\t\t\t\t\t<\/div>\n\t\t<\/div>\n\t\t\t\t<div class=\"elementor-column elementor-col-33 elementor-inner-column elementor-element elementor-element-e252509\" data-id=\"e252509\" data-element_type=\"column\" data-e-type=\"column\">\n\t\t\t<div class=\"elementor-widget-wrap\">\n\t\t\t\t\t\t\t<\/div>\n\t\t<\/div>\n\t\t\t\t\t<\/div>\n\t\t<\/section>\n\t\t\t\t<section class=\"elementor-section elementor-inner-section elementor-element elementor-element-9b66c35 elementor-section-full_width elementor-section-height-default elementor-section-height-default\" data-id=\"9b66c35\" data-element_type=\"section\" data-e-type=\"section\" data-settings=\"{&quot;background_background&quot;:&quot;classic&quot;}\">\n\t\t\t\t\t\t<div class=\"elementor-container elementor-column-gap-default\">\n\t\t\t\t\t<div class=\"elementor-column elementor-col-33 elementor-inner-column elementor-element elementor-element-574d833\" data-id=\"574d833\" data-element_type=\"column\" data-e-type=\"column\">\n\t\t\t<div class=\"elementor-widget-wrap\">\n\t\t\t\t\t\t\t<\/div>\n\t\t<\/div>\n\t\t\t\t<div class=\"elementor-column elementor-col-33 elementor-inner-column elementor-element elementor-element-ab3d779\" data-id=\"ab3d779\" data-element_type=\"column\" data-e-type=\"column\">\n\t\t\t<div class=\"elementor-widget-wrap elementor-element-populated\">\n\t\t\t\t\t\t<div class=\"elementor-element elementor-element-63d3c22 elementor-widget elementor-widget-text-editor\" data-id=\"63d3c22\" data-element_type=\"widget\" data-e-type=\"widget\" data-widget_type=\"text-editor.default\">\n\t\t\t\t<div class=\"elementor-widget-container\">\n\t\t\t\t\t\t\t\t\t<p>\u0110\u1ecba \u0111i\u1ec3m: 64 \u0110\u01b0\u1eddng 85, Ph\u01b0\u1eddng T\u00e2n H\u01b0ng, TP. HCM<\/p>\t\t\t\t\t\t\t\t<\/div>\n\t\t\t\t<\/div>\n\t\t\t\t\t<\/div>\n\t\t<\/div>\n\t\t\t\t<div class=\"elementor-column elementor-col-33 elementor-inner-column elementor-element elementor-element-2d735ce\" data-id=\"2d735ce\" data-element_type=\"column\" data-e-type=\"column\" data-settings=\"{&quot;background_background&quot;:&quot;classic&quot;}\">\n\t\t\t<div class=\"elementor-widget-wrap\">\n\t\t\t\t\t\t\t<\/div>\n\t\t<\/div>\n\t\t\t\t\t<\/div>\n\t\t<\/section>\n\t\t\t\t<div class=\"elementor-element elementor-element-665e77c mascot-form elementor-widget elementor-widget-html\" data-id=\"665e77c\" data-element_type=\"widget\" data-e-type=\"widget\" data-widget_type=\"html.default\">\n\t\t\t\t<div class=\"elementor-widget-container\">\n\t\t\t\t\t<style>\r\n    .b24-form-sign {\r\n        display: none;\r\n    }\r\n<\/style>\r\n<script data-b24-form=\"inline\/149\/cztu84\" data-skip-moving=\"true\">\r\n(function(w,d,u){\r\nvar s=d.createElement('script');s.async=true;s.src=u+'?'+(Date.now()\/180000|0);\r\nvar h=d.getElementsByTagName('script')[0];h.parentNode.insertBefore(s,h);\r\n})(window,document,'https:\/\/cdn.bitrix24.vn\/b35646573\/crm\/form\/loader_149.js');\r\n<\/script>\t\t\t\t<\/div>\n\t\t\t\t<\/div>\n\t\t\t\t\t<\/div>\n\t\t<\/div>\n\t\t\t\t\t<\/div>\n\t\t<\/section>\n\t\t\t\t<\/div>","protected":false},"excerpt":{"rendered":"<p>\u0110\u0102NG K\u00dd L\u1edaP H\u1eccC TH\u1eec TI\u1ebeNG ANH \u00a0 \ud83c\udf81 H\u1ecdc th\u1eed mi\u1ec5n ph\u00ed 2 bu\u1ed5i. \ud83d\udccd \u00c1p d\u1ee5ng cho t\u1ea5t c\u1ea3 c\u00e1c kh\u00f3a h\u1ecdc t\u1ea1i I-CLC TP. HCM \ud83d\udcda L\u1edaP H\u1eccC T\u1ea0I I-CLC C\u00d3 G\u00cc? \ud83d\udc69\u200d\ud83c\udfeb 100% Gi\u00e1o vi\u00ean N\u01b0\u1edbc ngo\u00e0i: B\u00e9 \u0111\u01b0\u1ee3c h\u1ecdc v\u00e0 giao ti\u1ebfp tr\u1ef1c ti\u1ebfp, h\u00ecnh th\u00e0nh ph\u1ea3n\u00a0x\u1ea1 t\u1ef1 nhi\u00ean ngay &hellip;<\/p>\n<p class=\"read-more\"> <a class=\"\" href=\"https:\/\/i-clc.edu.vn\/en\/dang-ky-hoc-thu\/\"> <span class=\"screen-reader-text\">\u0110\u0103ng k\u00fd H\u1ecdc th\u1eed<\/span> Read More &raquo;<\/a><\/p>","protected":false},"author":426,"featured_media":0,"parent":0,"menu_order":0,"comment_status":"closed","ping_status":"closed","template":"","meta":{"_acf_changed":false,"site-sidebar-layout":"no-sidebar","site-content-layout":"page-builder","ast-global-header-display":"","ast-main-header-display":"","ast-hfb-above-header-display":"","ast-hfb-below-header-display":"","ast-hfb-mobile-header-display":"","site-post-title":"disabled","ast-breadcrumbs-content":"","ast-featured-img":"disabled","footer-sml-layout":"","theme-transparent-header-meta":"","adv-header-id-meta":"","stick-header-meta":"","header-above-stick-meta":"","header-main-stick-meta":"","header-below-stick-meta":"","footnotes":""},"class_list":["post-29130","page","type-page","status-publish","hentry"],"acf":[],"_links":{"self":[{"href":"https:\/\/i-clc.edu.vn\/en\/wp-json\/wp\/v2\/pages\/29130","targetHints":{"allow":["GET"]}}],"collection":[{"href":"https:\/\/i-clc.edu.vn\/en\/wp-json\/wp\/v2\/pages"}],"about":[{"href":"https:\/\/i-clc.edu.vn\/en\/wp-json\/wp\/v2\/types\/page"}],"author":[{"embeddable":true,"href":"https:\/\/i-clc.edu.vn\/en\/wp-json\/wp\/v2\/users\/426"}],"replies":[{"embeddable":true,"href":"https:\/\/i-clc.edu.vn\/en\/wp-json\/wp\/v2\/comments?post=29130"}],"version-history":[{"count":81,"href":"https:\/\/i-clc.edu.vn\/en\/wp-json\/wp\/v2\/pages\/29130\/revisions"}],"predecessor-version":[{"id":29284,"href":"https:\/\/i-clc.edu.vn\/en\/wp-json\/wp\/v2\/pages\/29130\/revisions\/29284"}],"wp:attachment":[{"href":"https:\/\/i-clc.edu.vn\/en\/wp-json\/wp\/v2\/media?parent=29130"}],"curies":[{"name":"wp","href":"https:\/\/api.w.org\/{rel}","templated":true}]}}