{"id":6660,"date":"2022-04-12T09:41:06","date_gmt":"2022-04-12T02:41:06","guid":{"rendered":"https:\/\/template.eqs.vn\/?page_id=6660"},"modified":"2023-07-26T16:08:41","modified_gmt":"2023-07-26T09:08:41","slug":"thank-you","status":"publish","type":"page","link":"https:\/\/i-clc.edu.vn\/en\/thank-you\/","title":{"rendered":"Thank you from I-CLC"},"content":{"rendered":"<div data-elementor-type=\"wp-page\" data-elementor-id=\"6660\" class=\"elementor elementor-6660\" data-elementor-post-type=\"page\">\n\t\t\t\t\t\t<section class=\"elementor-section elementor-top-section elementor-element elementor-element-f46892a elementor-section-boxed elementor-section-height-default elementor-section-height-default\" data-id=\"f46892a\" data-element_type=\"section\" data-e-type=\"section\">\n\t\t\t\t\t\t<div class=\"elementor-container elementor-column-gap-default\">\n\t\t\t\t\t<div class=\"elementor-column elementor-col-100 elementor-top-column elementor-element elementor-element-bbcc291\" data-id=\"bbcc291\" data-element_type=\"column\" data-e-type=\"column\">\n\t\t\t<div class=\"elementor-widget-wrap elementor-element-populated\">\n\t\t\t\t\t\t<div class=\"elementor-element elementor-element-1bee096 elementor-view-default elementor-widget elementor-widget-icon\" data-id=\"1bee096\" data-element_type=\"widget\" data-e-type=\"widget\" data-widget_type=\"icon.default\">\n\t\t\t\t<div class=\"elementor-widget-container\">\n\t\t\t\t\t\t\t<div class=\"elementor-icon-wrapper\">\n\t\t\t<div class=\"elementor-icon\">\n\t\t\t<i aria-hidden=\"true\" class=\"fas fa-check-circle\"><\/i>\t\t\t<\/div>\n\t\t<\/div>\n\t\t\t\t\t\t<\/div>\n\t\t\t\t<\/div>\n\t\t\t\t<div class=\"elementor-element elementor-element-e233867 elementor-widget elementor-widget-heading\" data-id=\"e233867\" data-element_type=\"widget\" data-e-type=\"widget\" data-widget_type=\"heading.default\">\n\t\t\t\t<div class=\"elementor-widget-container\">\n\t\t\t\t\t<p class=\"elementor-heading-title elementor-size-default\">C\u1ea3m \u01a1n b\u1ea1n \u0111\u00e3 g\u1eedi th\u00f4ng tin cho ch\u00fang t\u00f4i!<\/p>\t\t\t\t<\/div>\n\t\t\t\t<\/div>\n\t\t\t\t<div class=\"elementor-element elementor-element-0c71ef0 elementor-widget elementor-widget-heading\" data-id=\"0c71ef0\" data-element_type=\"widget\" data-e-type=\"widget\" data-widget_type=\"heading.default\">\n\t\t\t\t<div class=\"elementor-widget-container\">\n\t\t\t\t\t<p class=\"elementor-heading-title elementor-size-default\">Ch\u00fang t\u00f4i s\u1ebd li\u00ean h\u1ec7 l\u1ea1i cho b\u1ea1n trong th\u1eddi gian s\u1edbm nh\u1ea5t<\/p>\t\t\t\t<\/div>\n\t\t\t\t<\/div>\n\t\t\t\t\t<\/div>\n\t\t<\/div>\n\t\t\t\t\t<\/div>\n\t\t<\/section>\n\t\t\t\t<section class=\"elementor-section elementor-top-section elementor-element elementor-element-4435ea8 elementor-section-boxed elementor-section-height-default elementor-section-height-default\" data-id=\"4435ea8\" data-element_type=\"section\" data-e-type=\"section\">\n\t\t\t\t\t\t<div class=\"elementor-container elementor-column-gap-default\">\n\t\t\t\t\t<div class=\"elementor-column elementor-col-100 elementor-top-column elementor-element elementor-element-3fc57e4\" data-id=\"3fc57e4\" data-element_type=\"column\" data-e-type=\"column\">\n\t\t\t<div class=\"elementor-widget-wrap elementor-element-populated\">\n\t\t\t\t\t\t<div class=\"elementor-element elementor-element-2dd0317 elementor-widget elementor-widget-html\" data-id=\"2dd0317\" data-element_type=\"widget\" data-e-type=\"widget\" data-widget_type=\"html.default\">\n\t\t\t\t<div class=\"elementor-widget-container\">\n\t\t\t\t\t<!-- Event snippet for \u0110\u0103ng k\u00fd kh\u00f3a h\u1ecdc conversion page -->\r\n<script>\r\n  gtag('event', 'conversion', {\r\n      'send_to': 'AW-632409268\/FofeCKn1kI4DELSZx60C',\r\n      'transaction_id': ''\r\n  });\r\n  fbq('track', 'CompleteRegistration');\r\n<\/script>\t\t\t\t<\/div>\n\t\t\t\t<\/div>\n\t\t\t\t\t<\/div>\n\t\t<\/div>\n\t\t\t\t\t<\/div>\n\t\t<\/section>\n\t\t\t\t<\/div>","protected":false},"excerpt":{"rendered":"<p>C\u1ea3m \u01a1n b\u1ea1n \u0111\u00e3 g\u1eedi th\u00f4ng tin cho ch\u00fang t\u00f4i! Ch\u00fang t\u00f4i s\u1ebd li\u00ean h\u1ec7 l\u1ea1i cho b\u1ea1n trong th\u1eddi gian s\u1edbm nh\u1ea5t<\/p>","protected":false},"author":7,"featured_media":0,"parent":0,"menu_order":0,"comment_status":"closed","ping_status":"closed","template":"","meta":{"_acf_changed":false,"site-sidebar-layout":"no-sidebar","site-content-layout":"page-builder","ast-global-header-display":"","ast-main-header-display":"","ast-hfb-above-header-display":"","ast-hfb-below-header-display":"","ast-hfb-mobile-header-display":"","site-post-title":"disabled","ast-breadcrumbs-content":"","ast-featured-img":"disabled","footer-sml-layout":"","theme-transparent-header-meta":"default","adv-header-id-meta":"","stick-header-meta":"","header-above-stick-meta":"","header-main-stick-meta":"","header-below-stick-meta":"","footnotes":""},"class_list":["post-6660","page","type-page","status-publish","hentry"],"acf":[],"_links":{"self":[{"href":"https:\/\/i-clc.edu.vn\/en\/wp-json\/wp\/v2\/pages\/6660","targetHints":{"allow":["GET"]}}],"collection":[{"href":"https:\/\/i-clc.edu.vn\/en\/wp-json\/wp\/v2\/pages"}],"about":[{"href":"https:\/\/i-clc.edu.vn\/en\/wp-json\/wp\/v2\/types\/page"}],"author":[{"embeddable":true,"href":"https:\/\/i-clc.edu.vn\/en\/wp-json\/wp\/v2\/users\/7"}],"replies":[{"embeddable":true,"href":"https:\/\/i-clc.edu.vn\/en\/wp-json\/wp\/v2\/comments?post=6660"}],"version-history":[{"count":0,"href":"https:\/\/i-clc.edu.vn\/en\/wp-json\/wp\/v2\/pages\/6660\/revisions"}],"wp:attachment":[{"href":"https:\/\/i-clc.edu.vn\/en\/wp-json\/wp\/v2\/media?parent=6660"}],"curies":[{"name":"wp","href":"https:\/\/api.w.org\/{rel}","templated":true}]}}